{"id":3952,"date":"2023-11-04T19:11:57","date_gmt":"2023-11-04T19:11:57","guid":{"rendered":"https:\/\/zurichcitychurch.org\/?page_id=3952"},"modified":"2025-04-17T17:02:07","modified_gmt":"2025-04-17T17:02:07","slug":"refreshment-team","status":"publish","type":"page","link":"https:\/\/zurichcitychurch.org\/de\/ministries\/h-e-l-p-ministry\/refreshment-team\/","title":{"rendered":"Hospitality Team"},"content":{"rendered":"<p class=\"has-lato-font-family has-custom-font wp-block-paragraph\" style=\"font-family:Lato\">The Refreshment Team at Zurich City Church is responsible for ensuring that guests and members always have access to refreshing beverages. On the first Sunday of every month, the refreshment team also ensures that the church gets a small ap\u00e9ro of finger foods and a couple of times in a year the church is provided with a brunch that can be enjoyed while fellowshipping.<br><br>Bei gr\u00f6\u00dferen Veranstaltungen, wie Konzerten und Tauffeiern, \u00fcbernimmt das Catering-Team auch die leibliche Wohl aller.<\/p>\n\n\n\n<figure class=\"wp-block-gallery has-nested-images columns-default is-cropped coblocks-animate wp-block-gallery-1 is-layout-flex wp-block-gallery-is-layout-flex\" data-coblocks-animation=\"clipHorizontal\">\n<figure class=\"wp-block-image size-large\"><img data-recalc-dims=\"1\" fetchpriority=\"high\" decoding=\"async\" width=\"750\" height=\"491\" data-attachment-id=\"4210\" data-permalink=\"https:\/\/zurichcitychurch.org\/de\/ministries\/h-e-l-p-ministry\/refreshment-team\/whatsapp-bild-2023-11-25-um-00-11-19_7a706f90\/\" data-orig-file=\"https:\/\/i0.wp.com\/zurichcitychurch.org\/wp-content\/uploads\/2023\/11\/WhatsApp-Bild-2023-11-25-um-00.11.19_7a706f90.jpg?fit=1024%2C671&amp;ssl=1\" data-orig-size=\"1024,671\" data-comments-opened=\"0\" data-image-meta=\"{&quot;aperture&quot;:&quot;0&quot;,&quot;credit&quot;:&quot;&quot;,&quot;camera&quot;:&quot;&quot;,&quot;caption&quot;:&quot;&quot;,&quot;created_timestamp&quot;:&quot;0&quot;,&quot;copyright&quot;:&quot;&quot;,&quot;focal_length&quot;:&quot;0&quot;,&quot;iso&quot;:&quot;0&quot;,&quot;shutter_speed&quot;:&quot;0&quot;,&quot;title&quot;:&quot;&quot;,&quot;orientation&quot;:&quot;0&quot;}\" data-image-title=\"WhatsApp-Bild-2023-11-25-um-00.11.19_7a706f90\" data-image-description=\"\" data-image-caption=\"\" data-large-file=\"https:\/\/i0.wp.com\/zurichcitychurch.org\/wp-content\/uploads\/2023\/11\/WhatsApp-Bild-2023-11-25-um-00.11.19_7a706f90.jpg?fit=750%2C491&amp;ssl=1\" data-id=\"4210\" src=\"https:\/\/i0.wp.com\/zurichcitychurch.org\/wp-content\/uploads\/2023\/11\/WhatsApp-Bild-2023-11-25-um-00.11.19_7a706f90.jpg?resize=750%2C491&#038;ssl=1\" alt=\"\" class=\"wp-image-4210\" srcset=\"https:\/\/i0.wp.com\/zurichcitychurch.org\/wp-content\/uploads\/2023\/11\/WhatsApp-Bild-2023-11-25-um-00.11.19_7a706f90.jpg?w=1024&amp;ssl=1 1024w, https:\/\/i0.wp.com\/zurichcitychurch.org\/wp-content\/uploads\/2023\/11\/WhatsApp-Bild-2023-11-25-um-00.11.19_7a706f90.jpg?resize=300%2C197&amp;ssl=1 300w, https:\/\/i0.wp.com\/zurichcitychurch.org\/wp-content\/uploads\/2023\/11\/WhatsApp-Bild-2023-11-25-um-00.11.19_7a706f90.jpg?resize=768%2C503&amp;ssl=1 768w\" sizes=\"(max-width: 750px) 100vw, 750px\" \/><figcaption class=\"wp-element-caption\">Es wird immer darauf geachtet, Ihre Ern\u00e4hrungsbed\u00fcrfnisse zu erf\u00fcllen.<\/figcaption><\/figure>\n\n\n\n<figure class=\"wp-block-image size-large\"><img data-recalc-dims=\"1\" decoding=\"async\" width=\"750\" height=\"499\" data-attachment-id=\"4213\" data-permalink=\"https:\/\/zurichcitychurch.org\/de\/ministries\/h-e-l-p-ministry\/refreshment-team\/whatsapp-bild-2023-11-25-um-00-11-19_8f471996\/\" data-orig-file=\"https:\/\/i0.wp.com\/zurichcitychurch.org\/wp-content\/uploads\/2023\/11\/WhatsApp-Bild-2023-11-25-um-00.11.19_8f471996.jpg?fit=1024%2C681&amp;ssl=1\" data-orig-size=\"1024,681\" data-comments-opened=\"0\" data-image-meta=\"{&quot;aperture&quot;:&quot;0&quot;,&quot;credit&quot;:&quot;&quot;,&quot;camera&quot;:&quot;&quot;,&quot;caption&quot;:&quot;&quot;,&quot;created_timestamp&quot;:&quot;0&quot;,&quot;copyright&quot;:&quot;&quot;,&quot;focal_length&quot;:&quot;0&quot;,&quot;iso&quot;:&quot;0&quot;,&quot;shutter_speed&quot;:&quot;0&quot;,&quot;title&quot;:&quot;&quot;,&quot;orientation&quot;:&quot;0&quot;}\" data-image-title=\"WhatsApp-Bild-2023-11-25-um-00.11.19_8f471996\" data-image-description=\"\" data-image-caption=\"\" data-large-file=\"https:\/\/i0.wp.com\/zurichcitychurch.org\/wp-content\/uploads\/2023\/11\/WhatsApp-Bild-2023-11-25-um-00.11.19_8f471996.jpg?fit=750%2C499&amp;ssl=1\" data-id=\"4213\" src=\"https:\/\/i0.wp.com\/zurichcitychurch.org\/wp-content\/uploads\/2023\/11\/WhatsApp-Bild-2023-11-25-um-00.11.19_8f471996.jpg?resize=750%2C499&#038;ssl=1\" alt=\"\" class=\"wp-image-4213\" srcset=\"https:\/\/i0.wp.com\/zurichcitychurch.org\/wp-content\/uploads\/2023\/11\/WhatsApp-Bild-2023-11-25-um-00.11.19_8f471996.jpg?w=1024&amp;ssl=1 1024w, https:\/\/i0.wp.com\/zurichcitychurch.org\/wp-content\/uploads\/2023\/11\/WhatsApp-Bild-2023-11-25-um-00.11.19_8f471996.jpg?resize=300%2C200&amp;ssl=1 300w, https:\/\/i0.wp.com\/zurichcitychurch.org\/wp-content\/uploads\/2023\/11\/WhatsApp-Bild-2023-11-25-um-00.11.19_8f471996.jpg?resize=768%2C511&amp;ssl=1 768w\" sizes=\"(max-width: 750px) 100vw, 750px\" \/><figcaption class=\"wp-element-caption\">Ob s\u00fc\u00df<\/figcaption><\/figure>\n\n\n\n<figure class=\"wp-block-image size-large\"><img data-recalc-dims=\"1\" decoding=\"async\" width=\"750\" height=\"497\" data-attachment-id=\"4211\" data-permalink=\"https:\/\/zurichcitychurch.org\/de\/ministries\/h-e-l-p-ministry\/refreshment-team\/whatsapp-bild-2023-11-25-um-00-11-19_36e266ea\/\" data-orig-file=\"https:\/\/i0.wp.com\/zurichcitychurch.org\/wp-content\/uploads\/2023\/11\/WhatsApp-Bild-2023-11-25-um-00.11.19_36e266ea.jpg?fit=1024%2C679&amp;ssl=1\" data-orig-size=\"1024,679\" data-comments-opened=\"0\" data-image-meta=\"{&quot;aperture&quot;:&quot;0&quot;,&quot;credit&quot;:&quot;&quot;,&quot;camera&quot;:&quot;&quot;,&quot;caption&quot;:&quot;&quot;,&quot;created_timestamp&quot;:&quot;0&quot;,&quot;copyright&quot;:&quot;&quot;,&quot;focal_length&quot;:&quot;0&quot;,&quot;iso&quot;:&quot;0&quot;,&quot;shutter_speed&quot;:&quot;0&quot;,&quot;title&quot;:&quot;&quot;,&quot;orientation&quot;:&quot;0&quot;}\" data-image-title=\"WhatsApp-Bild-2023-11-25-um-00.11.19_36e266ea\" data-image-description=\"\" data-image-caption=\"\" data-large-file=\"https:\/\/i0.wp.com\/zurichcitychurch.org\/wp-content\/uploads\/2023\/11\/WhatsApp-Bild-2023-11-25-um-00.11.19_36e266ea.jpg?fit=750%2C497&amp;ssl=1\" data-id=\"4211\" src=\"https:\/\/i0.wp.com\/zurichcitychurch.org\/wp-content\/uploads\/2023\/11\/WhatsApp-Bild-2023-11-25-um-00.11.19_36e266ea.jpg?resize=750%2C497&#038;ssl=1\" alt=\"\" class=\"wp-image-4211\" srcset=\"https:\/\/i0.wp.com\/zurichcitychurch.org\/wp-content\/uploads\/2023\/11\/WhatsApp-Bild-2023-11-25-um-00.11.19_36e266ea.jpg?w=1024&amp;ssl=1 1024w, https:\/\/i0.wp.com\/zurichcitychurch.org\/wp-content\/uploads\/2023\/11\/WhatsApp-Bild-2023-11-25-um-00.11.19_36e266ea.jpg?resize=300%2C199&amp;ssl=1 300w, https:\/\/i0.wp.com\/zurichcitychurch.org\/wp-content\/uploads\/2023\/11\/WhatsApp-Bild-2023-11-25-um-00.11.19_36e266ea.jpg?resize=768%2C509&amp;ssl=1 768w\" sizes=\"(max-width: 750px) 100vw, 750px\" \/><figcaption class=\"wp-element-caption\">oder herzhaft, <\/figcaption><\/figure>\n\n\n\n<figure class=\"wp-block-image size-large\"><img data-recalc-dims=\"1\" loading=\"lazy\" decoding=\"async\" width=\"750\" height=\"688\" data-attachment-id=\"4214\" data-permalink=\"https:\/\/zurichcitychurch.org\/de\/ministries\/h-e-l-p-ministry\/refreshment-team\/whatsapp-bild-2023-11-25-um-00-11-19_be93a914\/\" data-orig-file=\"https:\/\/i0.wp.com\/zurichcitychurch.org\/wp-content\/uploads\/2023\/11\/WhatsApp-Bild-2023-11-25-um-00.11.19_be93a914.jpg?fit=1024%2C939&amp;ssl=1\" data-orig-size=\"1024,939\" data-comments-opened=\"0\" data-image-meta=\"{&quot;aperture&quot;:&quot;0&quot;,&quot;credit&quot;:&quot;&quot;,&quot;camera&quot;:&quot;&quot;,&quot;caption&quot;:&quot;&quot;,&quot;created_timestamp&quot;:&quot;0&quot;,&quot;copyright&quot;:&quot;&quot;,&quot;focal_length&quot;:&quot;0&quot;,&quot;iso&quot;:&quot;0&quot;,&quot;shutter_speed&quot;:&quot;0&quot;,&quot;title&quot;:&quot;&quot;,&quot;orientation&quot;:&quot;0&quot;}\" data-image-title=\"WhatsApp-Bild-2023-11-25-um-00.11.19_be93a914\" data-image-description=\"\" data-image-caption=\"\" data-large-file=\"https:\/\/i0.wp.com\/zurichcitychurch.org\/wp-content\/uploads\/2023\/11\/WhatsApp-Bild-2023-11-25-um-00.11.19_be93a914.jpg?fit=750%2C688&amp;ssl=1\" data-id=\"4214\" src=\"https:\/\/i0.wp.com\/zurichcitychurch.org\/wp-content\/uploads\/2023\/11\/WhatsApp-Bild-2023-11-25-um-00.11.19_be93a914.jpg?resize=750%2C688&#038;ssl=1\" alt=\"\" class=\"wp-image-4214\" srcset=\"https:\/\/i0.wp.com\/zurichcitychurch.org\/wp-content\/uploads\/2023\/11\/WhatsApp-Bild-2023-11-25-um-00.11.19_be93a914.jpg?w=1024&amp;ssl=1 1024w, https:\/\/i0.wp.com\/zurichcitychurch.org\/wp-content\/uploads\/2023\/11\/WhatsApp-Bild-2023-11-25-um-00.11.19_be93a914.jpg?resize=300%2C275&amp;ssl=1 300w, https:\/\/i0.wp.com\/zurichcitychurch.org\/wp-content\/uploads\/2023\/11\/WhatsApp-Bild-2023-11-25-um-00.11.19_be93a914.jpg?resize=768%2C704&amp;ssl=1 768w\" sizes=\"(max-width: 750px) 100vw, 750px\" \/><figcaption class=\"wp-element-caption\">das Erfrischungsteam hat uns erwischt. <\/figcaption><\/figure>\n\n\n\n<figure class=\"wp-block-image size-large\"><img data-recalc-dims=\"1\" loading=\"lazy\" decoding=\"async\" width=\"750\" height=\"503\" data-attachment-id=\"4212\" data-permalink=\"https:\/\/zurichcitychurch.org\/de\/ministries\/h-e-l-p-ministry\/refreshment-team\/whatsapp-bild-2023-11-25-um-00-31-51_69943009\/\" data-orig-file=\"https:\/\/i0.wp.com\/zurichcitychurch.org\/wp-content\/uploads\/2023\/11\/WhatsApp-Bild-2023-11-25-um-00.31.51_69943009.jpg?fit=1024%2C687&amp;ssl=1\" data-orig-size=\"1024,687\" data-comments-opened=\"0\" data-image-meta=\"{&quot;aperture&quot;:&quot;0&quot;,&quot;credit&quot;:&quot;&quot;,&quot;camera&quot;:&quot;&quot;,&quot;caption&quot;:&quot;&quot;,&quot;created_timestamp&quot;:&quot;0&quot;,&quot;copyright&quot;:&quot;&quot;,&quot;focal_length&quot;:&quot;0&quot;,&quot;iso&quot;:&quot;0&quot;,&quot;shutter_speed&quot;:&quot;0&quot;,&quot;title&quot;:&quot;&quot;,&quot;orientation&quot;:&quot;0&quot;}\" data-image-title=\"WhatsApp-Bild-2023-11-25-um-00.31.51_69943009\" data-image-description=\"\" data-image-caption=\"\" data-large-file=\"https:\/\/i0.wp.com\/zurichcitychurch.org\/wp-content\/uploads\/2023\/11\/WhatsApp-Bild-2023-11-25-um-00.31.51_69943009.jpg?fit=750%2C503&amp;ssl=1\" data-id=\"4212\" src=\"https:\/\/i0.wp.com\/zurichcitychurch.org\/wp-content\/uploads\/2023\/11\/WhatsApp-Bild-2023-11-25-um-00.31.51_69943009.jpg?resize=750%2C503&#038;ssl=1\" alt=\"\" class=\"wp-image-4212\" srcset=\"https:\/\/i0.wp.com\/zurichcitychurch.org\/wp-content\/uploads\/2023\/11\/WhatsApp-Bild-2023-11-25-um-00.31.51_69943009.jpg?w=1024&amp;ssl=1 1024w, https:\/\/i0.wp.com\/zurichcitychurch.org\/wp-content\/uploads\/2023\/11\/WhatsApp-Bild-2023-11-25-um-00.31.51_69943009.jpg?resize=300%2C201&amp;ssl=1 300w, https:\/\/i0.wp.com\/zurichcitychurch.org\/wp-content\/uploads\/2023\/11\/WhatsApp-Bild-2023-11-25-um-00.31.51_69943009.jpg?resize=768%2C515&amp;ssl=1 768w\" sizes=\"(max-width: 750px) 100vw, 750px\" \/><figcaption class=\"wp-element-caption\">Das Refreshment-Team sorgt daf\u00fcr, dass Mitglieder und G\u00e4ste alle unsere Veranstaltungen gut gest\u00e4rkt verlassen<\/figcaption><\/figure>\n<\/figure>\n\n\n\n<hr class=\"wp-block-coblocks-dynamic-separator\" style=\"height:50px\"\/>\n\n\n\n<div class=\"wp-block-media-text is-stacked-on-mobile\"><figure class=\"wp-block-media-text__media\"><img data-recalc-dims=\"1\" loading=\"lazy\" decoding=\"async\" width=\"533\" height=\"800\" data-attachment-id=\"4658\" data-permalink=\"https:\/\/zurichcitychurch.org\/de\/ministries\/h-e-l-p-ministry\/refreshment-team\/dsc06431-enhanced-nr\/\" data-orig-file=\"https:\/\/i0.wp.com\/zurichcitychurch.org\/wp-content\/uploads\/2023\/12\/DSC06431-Enhanced-NR.jpg?fit=3653%2C5480&amp;ssl=1\" data-orig-size=\"3653,5480\" data-comments-opened=\"0\" data-image-meta=\"{&quot;aperture&quot;:&quot;2.8&quot;,&quot;credit&quot;:&quot;&quot;,&quot;camera&quot;:&quot;ILCE-7RM5&quot;,&quot;caption&quot;:&quot;&quot;,&quot;created_timestamp&quot;:&quot;1699735374&quot;,&quot;copyright&quot;:&quot;&quot;,&quot;focal_length&quot;:&quot;70&quot;,&quot;iso&quot;:&quot;1000&quot;,&quot;shutter_speed&quot;:&quot;0.00625&quot;,&quot;title&quot;:&quot;&quot;,&quot;orientation&quot;:&quot;1&quot;}\" data-image-title=\"DSC06431-Enhanced-NR\" data-image-description=\"\" data-image-caption=\"\" data-large-file=\"https:\/\/i0.wp.com\/zurichcitychurch.org\/wp-content\/uploads\/2023\/12\/DSC06431-Enhanced-NR.jpg?fit=533%2C800&amp;ssl=1\" src=\"https:\/\/i0.wp.com\/zurichcitychurch.org\/wp-content\/uploads\/2023\/12\/DSC06431-Enhanced-NR.jpg?resize=533%2C800&#038;ssl=1\" alt=\"\" class=\"wp-image-4658 size-full\" srcset=\"https:\/\/i0.wp.com\/zurichcitychurch.org\/wp-content\/uploads\/2023\/12\/DSC06431-Enhanced-NR.jpg?resize=533%2C800&amp;ssl=1 533w, https:\/\/i0.wp.com\/zurichcitychurch.org\/wp-content\/uploads\/2023\/12\/DSC06431-Enhanced-NR.jpg?resize=133%2C200&amp;ssl=1 133w, https:\/\/i0.wp.com\/zurichcitychurch.org\/wp-content\/uploads\/2023\/12\/DSC06431-Enhanced-NR.jpg?resize=768%2C1152&amp;ssl=1 768w, https:\/\/i0.wp.com\/zurichcitychurch.org\/wp-content\/uploads\/2023\/12\/DSC06431-Enhanced-NR.jpg?resize=1024%2C1536&amp;ssl=1 1024w, https:\/\/i0.wp.com\/zurichcitychurch.org\/wp-content\/uploads\/2023\/12\/DSC06431-Enhanced-NR.jpg?resize=1365%2C2048&amp;ssl=1 1365w, https:\/\/i0.wp.com\/zurichcitychurch.org\/wp-content\/uploads\/2023\/12\/DSC06431-Enhanced-NR.jpg?resize=1200%2C1800&amp;ssl=1 1200w, https:\/\/i0.wp.com\/zurichcitychurch.org\/wp-content\/uploads\/2023\/12\/DSC06431-Enhanced-NR.jpg?resize=1440%2C2160&amp;ssl=1 1440w, https:\/\/i0.wp.com\/zurichcitychurch.org\/wp-content\/uploads\/2023\/12\/DSC06431-Enhanced-NR.jpg?w=1500&amp;ssl=1 1500w, https:\/\/i0.wp.com\/zurichcitychurch.org\/wp-content\/uploads\/2023\/12\/DSC06431-Enhanced-NR.jpg?w=2250&amp;ssl=1 2250w\" sizes=\"(max-width: 533px) 100vw, 533px\" \/><\/figure><div class=\"wp-block-media-text__content\">\n<p class=\"wp-block-paragraph\"><strong>EIN WENIG \u00dcBER DEN F\u00dcHRER<\/strong><\/p>\n\n\n\n<p class=\"wp-block-paragraph\">NAME<br>Barbara Aitee, aber jeder nennt mich Barbii oder B<\/p>\n\n\n\n<p class=\"wp-block-paragraph\">LIEBLINGSLIED<br>Es gibt viele, aber alles von William McDowell reicht aus<\/p>\n\n\n\n<p class=\"wp-block-paragraph\">\u2060Welche Figur aus der Bibel ist am ehesten nachvollziehbar?<br>Ich w\u00fcrde sagen Moses \ud83d\ude02\ud83d\ude02\ud83d\ude02, weil ich nicht viel Geduld habe und sehr temperamentvoll bin <\/p>\n\n\n\n<p class=\"wp-block-paragraph\">HOBBYS<br>Reisen und Essen<\/p>\n\n\n\n<p class=\"wp-block-paragraph\">WAS ICH AN MEINER FUNKTION AM MEISTEN LIEBE<br>Neue Gerichte ausprobieren und gl\u00fcckliche Gesichter beim Essen sehen<\/p>\n<\/div><\/div>","protected":false},"excerpt":{"rendered":"<p>The Refreshment Team at Zurich City Church is responsible for ensuring that guests and members always have access to refreshing beverages. On the first Sunday of every month, the refreshment team also ensures that the church gets a small ap\u00e9ro of finger foods and a couple of times in a year the church is provided&#x2026; <\/p>\n<p class=\"more-link-container wp-block-button is-style-outline\"><a href=\"https:\/\/zurichcitychurch.org\/de\/ministries\/h-e-l-p-ministry\/refreshment-team\/\" class=\"more-link wp-block-button__link\">Weiterlesen <span class=\"screen-reader-text\">Hospitality Team<\/span><\/a><\/p>","protected":false},"author":214135037,"featured_media":4019,"parent":7452,"menu_order":10,"comment_status":"closed","ping_status":"closed","template":"","meta":{"_coblocks_attr":"Lato,Lato","_coblocks_dimensions":"","_coblocks_responsive_height":"","_coblocks_accordion_ie_support":"","_crdt_document":"","advanced_seo_description":"","jetpack_seo_html_title":"","jetpack_seo_noindex":false,"jetpack_post_was_ever_published":false,"footnotes":""},"tags":[],"class_list":["post-3952","page","type-page","status-publish","has-post-thumbnail","hentry"],"jetpack_likes_enabled":true,"jetpack_sharing_enabled":true,"jetpack_shortlink":"https:\/\/wp.me\/PatlFF-11K","jetpack-related-posts":[{"id":7452,"url":"https:\/\/zurichcitychurch.org\/de\/ministries\/h-e-l-p-ministry\/","url_meta":{"origin":3952,"position":0},"title":"H.E.L.P Ministry","author":"denzelopoku","date":"April 17, 2025","format":false,"excerpt":"\u201cServe one another in love.\u201d\u2014 Galatians 5:13 (NIV) Welcome to the Zurich City Church H.E.L.P Ministry! Our H.E.L.P Ministry exists to serve and support the church by providing a warm and welcoming environment for all who walk through our doors. Through hospitality, excellent event management, and seamless logistical coordination, we\u2026","rel":"","context":"Similar post","block_context":{"text":"Similar post","link":""},"img":{"alt_text":"","src":"https:\/\/i0.wp.com\/zurichcitychurch.org\/wp-content\/uploads\/2023\/11\/WhatsApp-Bild-2023-11-25-um-00.11.19_8f471996.jpg?fit=1024%2C681&ssl=1&resize=350%2C200","width":350,"height":200,"srcset":"https:\/\/i0.wp.com\/zurichcitychurch.org\/wp-content\/uploads\/2023\/11\/WhatsApp-Bild-2023-11-25-um-00.11.19_8f471996.jpg?fit=1024%2C681&ssl=1&resize=350%2C200 1x, https:\/\/i0.wp.com\/zurichcitychurch.org\/wp-content\/uploads\/2023\/11\/WhatsApp-Bild-2023-11-25-um-00.11.19_8f471996.jpg?fit=1024%2C681&ssl=1&resize=525%2C300 1.5x, https:\/\/i0.wp.com\/zurichcitychurch.org\/wp-content\/uploads\/2023\/11\/WhatsApp-Bild-2023-11-25-um-00.11.19_8f471996.jpg?fit=1024%2C681&ssl=1&resize=700%2C400 2x"},"classes":[]},{"id":38,"url":"https:\/\/zurichcitychurch.org\/de\/ministries\/media-and-technical\/","url_meta":{"origin":3952,"position":1},"title":"Media &amp; Communication Ministry","author":"E.Bamfo Ernoh","date":"Mai 27, 2019","format":false,"excerpt":"Welcome to the Media and Communication Ministry! Our mission is to creatively and effectively share the message of Christ with the world through various digital platforms and communication channels. We believe that modern media is a powerful tool for reaching people, spreading the Gospel, and building community. Our ministry is\u2026","rel":"","context":"Similar post","block_context":{"text":"Similar post","link":""},"img":{"alt_text":"","src":"https:\/\/i0.wp.com\/zurichcitychurch.org\/wp-content\/uploads\/2023\/11\/WhatsApp-Bild-2023-11-17-um-17.39.29_dbb8a6dc.jpg?fit=1200%2C811&ssl=1&resize=350%2C200","width":350,"height":200,"srcset":"https:\/\/i0.wp.com\/zurichcitychurch.org\/wp-content\/uploads\/2023\/11\/WhatsApp-Bild-2023-11-17-um-17.39.29_dbb8a6dc.jpg?fit=1200%2C811&ssl=1&resize=350%2C200 1x, https:\/\/i0.wp.com\/zurichcitychurch.org\/wp-content\/uploads\/2023\/11\/WhatsApp-Bild-2023-11-17-um-17.39.29_dbb8a6dc.jpg?fit=1200%2C811&ssl=1&resize=525%2C300 1.5x, https:\/\/i0.wp.com\/zurichcitychurch.org\/wp-content\/uploads\/2023\/11\/WhatsApp-Bild-2023-11-17-um-17.39.29_dbb8a6dc.jpg?fit=1200%2C811&ssl=1&resize=700%2C400 2x, https:\/\/i0.wp.com\/zurichcitychurch.org\/wp-content\/uploads\/2023\/11\/WhatsApp-Bild-2023-11-17-um-17.39.29_dbb8a6dc.jpg?fit=1200%2C811&ssl=1&resize=1050%2C600 3x"},"classes":[]},{"id":27,"url":"https:\/\/zurichcitychurch.org\/de\/ministries\/","url_meta":{"origin":3952,"position":2},"title":"MINISTERIEN","author":"E.Bamfo Ernoh","date":"Mai 27, 2019","format":false,"excerpt":"At ZurichCityChurch we believe God has given each one of us innate abilities to serve our immediate environments and the world. Yes we believe in making an impact, one step at a time. The Church has diverse ministries and teams which aim to develop various gifts and abilities, harness and\u2026","rel":"","context":"Similar post","block_context":{"text":"Similar post","link":""},"img":{"alt_text":"","src":"https:\/\/i0.wp.com\/zurichcitychurch.org\/wp-content\/uploads\/2024\/01\/DSC08467.jpg?fit=1200%2C800&ssl=1&resize=350%2C200","width":350,"height":200,"srcset":"https:\/\/i0.wp.com\/zurichcitychurch.org\/wp-content\/uploads\/2024\/01\/DSC08467.jpg?fit=1200%2C800&ssl=1&resize=350%2C200 1x, https:\/\/i0.wp.com\/zurichcitychurch.org\/wp-content\/uploads\/2024\/01\/DSC08467.jpg?fit=1200%2C800&ssl=1&resize=525%2C300 1.5x, https:\/\/i0.wp.com\/zurichcitychurch.org\/wp-content\/uploads\/2024\/01\/DSC08467.jpg?fit=1200%2C800&ssl=1&resize=700%2C400 2x, https:\/\/i0.wp.com\/zurichcitychurch.org\/wp-content\/uploads\/2024\/01\/DSC08467.jpg?fit=1200%2C800&ssl=1&resize=1050%2C600 3x"},"classes":[]},{"id":3098,"url":"https:\/\/zurichcitychurch.org\/de\/past-events\/","url_meta":{"origin":3952,"position":3},"title":"Vergangene Ereignisse","author":"oppongba","date":"April 1, 2022","format":false,"excerpt":"Since the pandemic we have eased on the number of events hosted, particularly in the colder months. However we are now organising increasingly more occasions to make sure the Church gets to fellowship. Below a few that we have recently hosted. You are most welcome to the upcoming ones. 31December2025New\u2026","rel":"","context":"Similar post","block_context":{"text":"Similar post","link":""},"img":{"alt_text":"","src":"https:\/\/i0.wp.com\/zurichcitychurch.org\/wp-content\/uploads\/2023\/11\/4B4A9269.jpg?fit=1200%2C800&ssl=1&resize=350%2C200","width":350,"height":200,"srcset":"https:\/\/i0.wp.com\/zurichcitychurch.org\/wp-content\/uploads\/2023\/11\/4B4A9269.jpg?fit=1200%2C800&ssl=1&resize=350%2C200 1x, https:\/\/i0.wp.com\/zurichcitychurch.org\/wp-content\/uploads\/2023\/11\/4B4A9269.jpg?fit=1200%2C800&ssl=1&resize=525%2C300 1.5x, https:\/\/i0.wp.com\/zurichcitychurch.org\/wp-content\/uploads\/2023\/11\/4B4A9269.jpg?fit=1200%2C800&ssl=1&resize=700%2C400 2x, https:\/\/i0.wp.com\/zurichcitychurch.org\/wp-content\/uploads\/2023\/11\/4B4A9269.jpg?fit=1200%2C800&ssl=1&resize=1050%2C600 3x"},"classes":[]},{"id":129,"url":"https:\/\/zurichcitychurch.org\/de\/ministries\/praise-team\/","url_meta":{"origin":3952,"position":4},"title":"Music Ministry","author":"E.Bamfo Ernoh","date":"Mai 28, 2019","format":false,"excerpt":"\u201cSing to the Lord a new song; sing to the Lord, all the earth.\u201d\u2014 Psalm 96:1 (NIV) Welcome to the Music Ministry of Zurich City Church! The Music Ministry is entrusted with leading praise and worship for our Sunday services, extended prayer gatherings, and special weekday services. We are also\u2026","rel":"","context":"Similar post","block_context":{"text":"Similar post","link":""},"img":{"alt_text":"","src":"https:\/\/i0.wp.com\/zurichcitychurch.org\/wp-content\/uploads\/2023\/11\/DSC02736-Enhanced-NR.jpg?fit=1200%2C800&ssl=1&resize=350%2C200","width":350,"height":200,"srcset":"https:\/\/i0.wp.com\/zurichcitychurch.org\/wp-content\/uploads\/2023\/11\/DSC02736-Enhanced-NR.jpg?fit=1200%2C800&ssl=1&resize=350%2C200 1x, https:\/\/i0.wp.com\/zurichcitychurch.org\/wp-content\/uploads\/2023\/11\/DSC02736-Enhanced-NR.jpg?fit=1200%2C800&ssl=1&resize=525%2C300 1.5x, https:\/\/i0.wp.com\/zurichcitychurch.org\/wp-content\/uploads\/2023\/11\/DSC02736-Enhanced-NR.jpg?fit=1200%2C800&ssl=1&resize=700%2C400 2x, https:\/\/i0.wp.com\/zurichcitychurch.org\/wp-content\/uploads\/2023\/11\/DSC02736-Enhanced-NR.jpg?fit=1200%2C800&ssl=1&resize=1050%2C600 3x"},"classes":[]},{"id":3874,"url":"https:\/\/zurichcitychurch.org\/de\/ministries\/the-intercession-team\/","url_meta":{"origin":3952,"position":5},"title":"F\u00fcrbitte-Team","author":"Tracy Frei","date":"November 4, 2023","format":false,"excerpt":"\u201cThe prayer of a righteous person is powerful and effective.\u201d\u2014 James 5:16b (NIV) Welcome to the Intercession Team of Zurich City Church! The Intercession Team is the watchman of the church\u2014standing as the ministry of defense, guarding and covering the church in prayer. We believe that prayer is a powerful\u2026","rel":"","context":"Similar post","block_context":{"text":"Similar post","link":""},"img":{"alt_text":"","src":"https:\/\/i0.wp.com\/zurichcitychurch.org\/wp-content\/uploads\/2023\/11\/WhatsApp-Bild-2023-11-04-um-20.41.35_253ab9bf.jpg?fit=1200%2C800&ssl=1&resize=350%2C200","width":350,"height":200,"srcset":"https:\/\/i0.wp.com\/zurichcitychurch.org\/wp-content\/uploads\/2023\/11\/WhatsApp-Bild-2023-11-04-um-20.41.35_253ab9bf.jpg?fit=1200%2C800&ssl=1&resize=350%2C200 1x, https:\/\/i0.wp.com\/zurichcitychurch.org\/wp-content\/uploads\/2023\/11\/WhatsApp-Bild-2023-11-04-um-20.41.35_253ab9bf.jpg?fit=1200%2C800&ssl=1&resize=525%2C300 1.5x, https:\/\/i0.wp.com\/zurichcitychurch.org\/wp-content\/uploads\/2023\/11\/WhatsApp-Bild-2023-11-04-um-20.41.35_253ab9bf.jpg?fit=1200%2C800&ssl=1&resize=700%2C400 2x, https:\/\/i0.wp.com\/zurichcitychurch.org\/wp-content\/uploads\/2023\/11\/WhatsApp-Bild-2023-11-04-um-20.41.35_253ab9bf.jpg?fit=1200%2C800&ssl=1&resize=1050%2C600 3x"},"classes":[]}],"_links":{"self":[{"href":"https:\/\/zurichcitychurch.org\/de\/wp-json\/wp\/v2\/pages\/3952","targetHints":{"allow":["GET"]}}],"collection":[{"href":"https:\/\/zurichcitychurch.org\/de\/wp-json\/wp\/v2\/pages"}],"about":[{"href":"https:\/\/zurichcitychurch.org\/de\/wp-json\/wp\/v2\/types\/page"}],"author":[{"embeddable":true,"href":"https:\/\/zurichcitychurch.org\/de\/wp-json\/wp\/v2\/users\/214135037"}],"replies":[{"embeddable":true,"href":"https:\/\/zurichcitychurch.org\/de\/wp-json\/wp\/v2\/comments?post=3952"}],"version-history":[{"count":10,"href":"https:\/\/zurichcitychurch.org\/de\/wp-json\/wp\/v2\/pages\/3952\/revisions"}],"predecessor-version":[{"id":7392,"href":"https:\/\/zurichcitychurch.org\/de\/wp-json\/wp\/v2\/pages\/3952\/revisions\/7392"}],"up":[{"embeddable":true,"href":"https:\/\/zurichcitychurch.org\/de\/wp-json\/wp\/v2\/pages\/7452"}],"wp:featuredmedia":[{"embeddable":true,"href":"https:\/\/zurichcitychurch.org\/de\/wp-json\/wp\/v2\/media\/4019"}],"wp:attachment":[{"href":"https:\/\/zurichcitychurch.org\/de\/wp-json\/wp\/v2\/media?parent=3952"}],"wp:term":[{"taxonomy":"post_tag","embeddable":true,"href":"https:\/\/zurichcitychurch.org\/de\/wp-json\/wp\/v2\/tags?post=3952"}],"curies":[{"name":"wp","href":"https:\/\/api.w.org\/{rel}","templated":true}]}}